{"id":362,"date":"2026-02-18T16:22:44","date_gmt":"2026-02-18T16:22:44","guid":{"rendered":"https:\/\/mallorcapadelexperience.com\/?page_id=362"},"modified":"2026-03-19T11:20:30","modified_gmt":"2026-03-19T11:20:30","slug":"contact","status":"publish","type":"page","link":"https:\/\/mallorcapadelexperience.com\/en\/contacto\/","title":{"rendered":"Contact"},"content":{"rendered":"\t\t<div data-elementor-type=\"wp-page\" data-elementor-id=\"362\" class=\"elementor elementor-362\" data-elementor-post-type=\"page\">\n\t\t\t\t<div class=\"elementor-element elementor-element-13ea045 e-flex e-con-boxed e-con e-parent\" data-id=\"13ea045\" data-element_type=\"container\" data-e-type=\"container\" data-settings=\"{&quot;background_background&quot;:&quot;classic&quot;}\">\n\t\t\t\t\t<div class=\"e-con-inner\">\n\t\t<div class=\"elementor-element elementor-element-4d1698bf e-con-full e-flex e-con e-child\" data-id=\"4d1698bf\" data-element_type=\"container\" data-e-type=\"container\">\n\t\t\t\t<div class=\"elementor-element elementor-element-5a0e34a4 elementor-widget elementor-widget-heading\" data-id=\"5a0e34a4\" data-element_type=\"widget\" data-e-type=\"widget\" data-widget_type=\"heading.default\">\n\t\t\t\t\t<h2 class=\"elementor-heading-title elementor-size-default\">Contacta con Nosotros<\/h2>\t\t\t\t<\/div>\n\t\t\t\t<div class=\"elementor-element elementor-element-579c846 elementor-widget elementor-widget-text-editor\" data-id=\"579c846\" data-element_type=\"widget\" data-e-type=\"widget\" data-widget_type=\"text-editor.default\">\n\t\t\t\t\t\t\t\t\t<p>\u00bfEst\u00e1s pensando en organizar un <strong data-start=\"319\" data-end=\"349\">viaje de p\u00e1del en Mallorca<\/strong> con tu club o grupo de amigos? Cu\u00e9ntanos qu\u00e9 tienes en mente y te ayudaremos a crear la experiencia perfecta.<\/p>\t\t\t\t\t\t\t\t<\/div>\n\t\t\t\t<\/div>\n\t\t\t\t\t<\/div>\n\t\t\t\t<\/div>\n\t\t<div class=\"elementor-element elementor-element-d5fdc17 e-flex e-con-boxed e-con e-parent\" data-id=\"d5fdc17\" data-element_type=\"container\" data-e-type=\"container\" data-settings=\"{&quot;background_background&quot;:&quot;classic&quot;}\">\n\t\t\t\t\t<div class=\"e-con-inner\">\n\t\t<div class=\"elementor-element elementor-element-4938779d e-con-full e-flex e-con e-child\" data-id=\"4938779d\" data-element_type=\"container\" data-e-type=\"container\" data-settings=\"{&quot;background_background&quot;:&quot;classic&quot;}\">\n\t\t<div class=\"elementor-element elementor-element-6282c8bb e-con-full e-flex e-con e-child\" data-id=\"6282c8bb\" data-element_type=\"container\" data-e-type=\"container\">\n\t\t\t\t<div class=\"elementor-element elementor-element-3662b601 elementor-widget elementor-widget-heading\" data-id=\"3662b601\" data-element_type=\"widget\" data-e-type=\"widget\" data-widget_type=\"heading.default\">\n\t\t\t\t\t<h2 class=\"elementor-heading-title elementor-size-default\">Contact Us<\/h2>\t\t\t\t<\/div>\n\t\t\t\t<div class=\"elementor-element elementor-element-6395d103 elementor-widget elementor-widget-heading\" data-id=\"6395d103\" data-element_type=\"widget\" data-e-type=\"widget\" data-widget_type=\"heading.default\">\n\t\t\t\t\t<h2 class=\"elementor-heading-title elementor-size-default\">Hablemos:<\/h2>\t\t\t\t<\/div>\n\t\t\t\t<div class=\"elementor-element elementor-element-28e5fda4 elementor-widget elementor-widget-text-editor\" data-id=\"28e5fda4\" data-element_type=\"widget\" data-e-type=\"widget\" data-widget_type=\"text-editor.default\">\n\t\t\t\t\t\t\t\t\t<p data-start=\"556\" data-end=\"718\">Si quieres organizar un <strong data-start=\"580\" data-end=\"606\">Padel Camp en Mallorca<\/strong>, reservar una experiencia para tu club o simplemente resolver cualquier duda, estaremos encantados de ayudarte.<\/p>\t\t\t\t\t\t\t\t<\/div>\n\t\t\t\t<\/div>\n\t\t<div class=\"elementor-element elementor-element-5da2ed08 e-con-full e-flex e-con e-child\" data-id=\"5da2ed08\" data-element_type=\"container\" data-e-type=\"container\">\n\t\t\t\t<div class=\"elementor-element elementor-element-3ad52fb elementor-widget elementor-widget-heading\" data-id=\"3ad52fb\" data-element_type=\"widget\" data-e-type=\"widget\" data-widget_type=\"heading.default\">\n\t\t\t\t\t<h2 class=\"elementor-heading-title elementor-size-default\">Informaci\u00f3n de contacto<\/h2>\t\t\t\t<\/div>\n\t\t<div class=\"elementor-element elementor-element-58febc0e e-con-full e-flex e-con e-child\" data-id=\"58febc0e\" data-element_type=\"container\" data-e-type=\"container\">\n\t\t\t\t<div class=\"elementor-element elementor-element-15fe1e4 elementor-view-stacked elementor-shape-circle elementor-widget elementor-widget-icon\" data-id=\"15fe1e4\" data-element_type=\"widget\" data-e-type=\"widget\" data-widget_type=\"icon.default\">\n\t\t\t\t\t\t\t<div class=\"elementor-icon-wrapper\">\n\t\t\t<div class=\"elementor-icon\">\n\t\t\t<i aria-hidden=\"true\" class=\"lnr lnr-phone-handset\"><\/i>\t\t\t<\/div>\n\t\t<\/div>\n\t\t\t\t\t\t<\/div>\n\t\t\t\t<div class=\"elementor-element elementor-element-4a2abbc3 elementor-widget elementor-widget-text-editor\" data-id=\"4a2abbc3\" data-element_type=\"widget\" data-e-type=\"widget\" data-widget_type=\"text-editor.default\">\n\t\t\t\t\t\t\t\t\t<p><a href=\"tel:034609140624\"><span style=\"color: #ffffff;\">+34 609 14 06 24<\/span><\/a><\/p>\t\t\t\t\t\t\t\t<\/div>\n\t\t\t\t<\/div>\n\t\t<div class=\"elementor-element elementor-element-4982501f e-con-full e-flex e-con e-child\" data-id=\"4982501f\" data-element_type=\"container\" data-e-type=\"container\">\n\t\t\t\t<div class=\"elementor-element elementor-element-227c2cef elementor-view-stacked elementor-shape-circle elementor-widget elementor-widget-icon\" data-id=\"227c2cef\" data-element_type=\"widget\" data-e-type=\"widget\" data-widget_type=\"icon.default\">\n\t\t\t\t\t\t\t<div class=\"elementor-icon-wrapper\">\n\t\t\t<div class=\"elementor-icon\">\n\t\t\t<i aria-hidden=\"true\" class=\"lnr lnr-inbox\"><\/i>\t\t\t<\/div>\n\t\t<\/div>\n\t\t\t\t\t\t<\/div>\n\t\t\t\t<div class=\"elementor-element elementor-element-30e05e05 elementor-widget elementor-widget-text-editor\" data-id=\"30e05e05\" data-element_type=\"widget\" data-e-type=\"widget\" data-widget_type=\"text-editor.default\">\n\t\t\t\t\t\t\t\t\t<p><span style=\"color: #ffffff;\"><a style=\"color: #ffffff;\" href=\"mailto:info@mallorcapadelexperience.com\">info@mallorcapadelexperience.com<\/a><\/span><\/p>\t\t\t\t\t\t\t\t<\/div>\n\t\t\t\t<\/div>\n\t\t<div class=\"elementor-element elementor-element-5c0c419f e-con-full e-flex e-con e-child\" data-id=\"5c0c419f\" data-element_type=\"container\" data-e-type=\"container\">\n\t\t\t\t<div class=\"elementor-element elementor-element-56ab63f0 elementor-view-stacked elementor-shape-circle elementor-widget elementor-widget-icon\" data-id=\"56ab63f0\" data-element_type=\"widget\" data-e-type=\"widget\" data-widget_type=\"icon.default\">\n\t\t\t\t\t\t\t<div class=\"elementor-icon-wrapper\">\n\t\t\t<div class=\"elementor-icon\">\n\t\t\t<i aria-hidden=\"true\" class=\"lnr lnr-pushpin\"><\/i>\t\t\t<\/div>\n\t\t<\/div>\n\t\t\t\t\t\t<\/div>\n\t\t\t\t<div class=\"elementor-element elementor-element-19cb2a55 elementor-widget-mobile__width-initial elementor-widget elementor-widget-text-editor\" data-id=\"19cb2a55\" data-element_type=\"widget\" data-e-type=\"widget\" data-widget_type=\"text-editor.default\">\n\t\t\t\t\t\t\t\t\t<p>Magaluf Sport Club<br data-start=\"983\" data-end=\"986\" \/>Calvi\u00e0, Mallorca<\/p>\t\t\t\t\t\t\t\t<\/div>\n\t\t\t\t<\/div>\n\t\t\t\t<\/div>\n\t\t\t\t<\/div>\n\t\t<div class=\"elementor-element elementor-element-71abed70 e-con-full e-flex e-con e-child\" data-id=\"71abed70\" data-element_type=\"container\" data-e-type=\"container\" data-settings=\"{&quot;background_background&quot;:&quot;classic&quot;}\">\n\t\t\t\t<div class=\"elementor-element elementor-element-f41157b elementor-widget elementor-widget-heading\" data-id=\"f41157b\" data-element_type=\"widget\" data-e-type=\"widget\" data-widget_type=\"heading.default\">\n\t\t\t\t\t<h2 class=\"elementor-heading-title elementor-size-default\">Env\u00edanos tu mensaje:<\/h2>\t\t\t\t<\/div>\n\t\t\t\t<div class=\"elementor-element elementor-element-c573a15 elementor-widget elementor-widget-text-editor\" data-id=\"c573a15\" data-element_type=\"widget\" data-e-type=\"widget\" data-widget_type=\"text-editor.default\">\n\t\t\t\t\t\t\t\t\t<p>Rellena el formulario y cu\u00e9ntanos qu\u00e9 tipo de experiencia est\u00e1s buscando.<\/p>\t\t\t\t\t\t\t\t<\/div>\n\t\t\t\t<div class=\"elementor-element elementor-element-0e9ca01 elementor-button-align-stretch elementor-widget elementor-widget-form\" data-id=\"0e9ca01\" data-element_type=\"widget\" data-e-type=\"widget\" data-settings=\"{&quot;step_next_label&quot;:&quot;Siguiente&quot;,&quot;step_previous_label&quot;:&quot;Anterior&quot;,&quot;button_width&quot;:&quot;100&quot;,&quot;step_type&quot;:&quot;number_text&quot;,&quot;step_icon_shape&quot;:&quot;circle&quot;}\" data-widget_type=\"form.default\">\n\t\t\t\t\t\t\t<form class=\"elementor-form\" method=\"post\" name=\"Nuevo formulario\" aria-label=\"Nuevo formulario\">\n\t\t\t<input type=\"hidden\" name=\"post_id\" value=\"362\"\/>\n\t\t\t<input type=\"hidden\" name=\"form_id\" value=\"0e9ca01\"\/>\n\t\t\t<input type=\"hidden\" name=\"referer_title\" value=\"Contacto - Mallorca Padel Experience\" \/>\n\n\t\t\t\t\t\t\t<input type=\"hidden\" name=\"queried_id\" value=\"362\"\/>\n\t\t\t\n\t\t\t<div class=\"elementor-form-fields-wrapper elementor-labels-\">\n\t\t\t\t\t\t\t\t<div class=\"elementor-field-type-text elementor-field-group elementor-column elementor-field-group-name elementor-col-100\">\n\t\t\t\t\t\t\t\t\t\t\t\t<label for=\"form-field-name\" class=\"elementor-field-label elementor-screen-only\">\n\t\t\t\t\t\t\t\tNombre\t\t\t\t\t\t\t<\/label>\n\t\t\t\t\t\t\t\t\t\t\t\t\t\t<input size=\"1\" type=\"text\" name=\"form_fields[name]\" id=\"form-field-name\" class=\"elementor-field elementor-size-sm  elementor-field-textual\" placeholder=\"Nombre\">\n\t\t\t\t\t\t\t\t\t\t\t<\/div>\n\t\t\t\t\t\t\t\t<div class=\"elementor-field-type-tel elementor-field-group elementor-column elementor-field-group-field_d925edd elementor-col-50\">\n\t\t\t\t\t\t\t\t\t\t\t\t<label for=\"form-field-field_d925edd\" class=\"elementor-field-label elementor-screen-only\">\n\t\t\t\t\t\t\t\tTel\u00e9fono\t\t\t\t\t\t\t<\/label>\n\t\t\t\t\t\t\t\t<input size=\"1\" type=\"tel\" name=\"form_fields[field_d925edd]\" id=\"form-field-field_d925edd\" class=\"elementor-field elementor-size-sm  elementor-field-textual\" placeholder=\"Tel\u00e9fono\" pattern=\"[0-9()#&amp;+*-=.]+\" title=\"Only numbers and phone characters (#, -, *, etc) are accepted.\">\n\n\t\t\t\t\t\t<\/div>\n\t\t\t\t\t\t\t\t<div class=\"elementor-field-type-email elementor-field-group elementor-column elementor-field-group-email elementor-col-50 elementor-field-required\">\n\t\t\t\t\t\t\t\t\t\t\t\t<label for=\"form-field-email\" class=\"elementor-field-label elementor-screen-only\">\n\t\t\t\t\t\t\t\tCorreo electr\u00f3nico\t\t\t\t\t\t\t<\/label>\n\t\t\t\t\t\t\t\t\t\t\t\t\t\t<input size=\"1\" type=\"email\" name=\"form_fields[email]\" id=\"form-field-email\" class=\"elementor-field elementor-size-sm  elementor-field-textual\" placeholder=\"Correo electr\u00f3nico\" required=\"required\">\n\t\t\t\t\t\t\t\t\t\t\t<\/div>\n\t\t\t\t\t\t\t\t<div class=\"elementor-field-type-text elementor-field-group elementor-column elementor-field-group-field_1fe39ea elementor-col-100 elementor-field-required\">\n\t\t\t\t\t\t\t\t\t\t\t\t<label for=\"form-field-field_1fe39ea\" class=\"elementor-field-label elementor-screen-only\">\n\t\t\t\t\t\t\t\tAsunto\t\t\t\t\t\t\t<\/label>\n\t\t\t\t\t\t\t\t\t\t\t\t\t\t<input size=\"1\" type=\"text\" name=\"form_fields[field_1fe39ea]\" id=\"form-field-field_1fe39ea\" class=\"elementor-field elementor-size-sm  elementor-field-textual\" placeholder=\"Asunto\" required=\"required\">\n\t\t\t\t\t\t\t\t\t\t\t<\/div>\n\t\t\t\t\t\t\t\t<div class=\"elementor-field-type-textarea elementor-field-group elementor-column elementor-field-group-message elementor-col-100\">\n\t\t\t\t\t\t\t\t\t\t\t\t<label for=\"form-field-message\" class=\"elementor-field-label elementor-screen-only\">\n\t\t\t\t\t\t\t\tMensaje\t\t\t\t\t\t\t<\/label>\n\t\t\t\t\t\t<textarea class=\"elementor-field-textual elementor-field  elementor-size-sm\" name=\"form_fields[message]\" id=\"form-field-message\" rows=\"4\" placeholder=\"Mensaje\"><\/textarea>\t\t\t\t<\/div>\n\t\t\t\t\t\t\t\t<div class=\"elementor-field-group elementor-column elementor-field-type-submit elementor-col-100 e-form__buttons\">\n\t\t\t\t\t<button class=\"elementor-button elementor-size-sm\" type=\"submit\">\n\t\t\t\t\t\t<span class=\"elementor-button-content-wrapper\">\n\t\t\t\t\t\t\t\t\t\t\t\t\t\t\t\t\t\t\t\t\t\t<span class=\"elementor-button-text\">Enviar<\/span>\n\t\t\t\t\t\t\t\t\t\t\t\t\t<\/span>\n\t\t\t\t\t<\/button>\n\t\t\t\t<\/div>\n\t\t\t<\/div>\n\t\t<\/form>\n\t\t\t\t\t\t<\/div>\n\t\t\t\t<\/div>\n\t\t\t\t\t<\/div>\n\t\t\t\t<\/div>\n\t\t<div class=\"elementor-element elementor-element-9450cb5 e-flex e-con-boxed e-con e-parent\" data-id=\"9450cb5\" data-element_type=\"container\" data-e-type=\"container\" data-settings=\"{&quot;background_background&quot;:&quot;classic&quot;}\">\n\t\t\t\t\t<div class=\"e-con-inner\">\n\t\t\t\t<div class=\"elementor-element elementor-element-1096508 elementor-widget elementor-widget-google_maps\" data-id=\"1096508\" data-element_type=\"widget\" data-e-type=\"widget\" data-widget_type=\"google_maps.default\">\n\t\t\t\t\t\t\t<div class=\"elementor-custom-embed\">\n\t\t\t<iframe loading=\"lazy\"\n\t\t\t\t\tsrc=\"https:\/\/maps.google.com\/maps?q=%20Magaluf%20Sport%20Club&#038;t=m&#038;z=13&#038;output=embed&#038;iwloc=near\"\n\t\t\t\t\ttitle=\" Magaluf Sport Club\"\n\t\t\t\t\taria-label=\" Magaluf Sport Club\"\n\t\t\t><\/iframe>\n\t\t<\/div>\n\t\t\t\t\t\t<\/div>\n\t\t\t\t\t<\/div>\n\t\t\t\t<\/div>\n\t\t\t\t<\/div>\n\t\t","protected":false},"excerpt":{"rendered":"<p>Contacta con Nosotros \u00bfEst\u00e1s pensando en organizar un viaje de p\u00e1del en Mallorca con tu club o grupo de amigos? Cu\u00e9ntanos qu\u00e9 tienes en mente y te ayudaremos a crear la experiencia perfecta. Contact Us Hablemos: Si quieres organizar un Padel Camp en Mallorca, reservar una experiencia para tu club o simplemente resolver cualquier duda, [&hellip;]<\/p>\n","protected":false},"author":1,"featured_media":171,"parent":0,"menu_order":0,"comment_status":"closed","ping_status":"closed","template":"elementor_header_footer","meta":{"_joinchat":[],"footnotes":""},"class_list":["post-362","page","type-page","status-publish","has-post-thumbnail","hentry"],"yoast_head":"<!-- This site is optimized with the Yoast SEO plugin v27.3 - https:\/\/yoast.com\/product\/yoast-seo-wordpress\/ -->\n<title>Contacto - Mallorca Padel Experience<\/title>\n<meta name=\"description\" content=\"Ponte en contacto con Mallorca Padel Experience para m\u00e1s informaci\u00f3n sobre reservas, viajes de p\u00e1del y pr\u00f3ximas fechas disponibles.\" \/>\n<meta name=\"robots\" content=\"index, follow, max-snippet:-1, max-image-preview:large, max-video-preview:-1\" \/>\n<link rel=\"canonical\" href=\"https:\/\/mallorcapadelexperience.com\/en\/contact\/\" \/>\n<meta property=\"og:locale\" content=\"en_GB\" \/>\n<meta property=\"og:type\" content=\"article\" \/>\n<meta property=\"og:title\" content=\"Contacto - Mallorca Padel Experience\" \/>\n<meta property=\"og:description\" content=\"Ponte en contacto con Mallorca Padel Experience para m\u00e1s informaci\u00f3n sobre reservas, viajes de p\u00e1del y pr\u00f3ximas fechas disponibles.\" \/>\n<meta property=\"og:url\" content=\"https:\/\/mallorcapadelexperience.com\/en\/contact\/\" \/>\n<meta property=\"og:site_name\" content=\"Mallorca Padel Experience\" \/>\n<meta property=\"article:modified_time\" content=\"2026-03-19T11:20:30+00:00\" \/>\n<meta property=\"og:image\" content=\"https:\/\/mallorcapadelexperience.com\/wp-content\/uploads\/2026\/02\/bruno-vaccaro-vercellino-d22xkdewTnQ-unsplash.jpg\" \/>\n\t<meta property=\"og:image:width\" content=\"2000\" \/>\n\t<meta property=\"og:image:height\" content=\"1125\" \/>\n\t<meta property=\"og:image:type\" content=\"image\/jpeg\" \/>\n<meta name=\"twitter:card\" content=\"summary_large_image\" \/>\n<meta name=\"twitter:label1\" content=\"Estimated reading time\" \/>\n\t<meta name=\"twitter:data1\" content=\"1 minute\" \/>\n<script type=\"application\/ld+json\" class=\"yoast-schema-graph\">{\"@context\":\"https:\\\/\\\/schema.org\",\"@graph\":[{\"@type\":\"WebPage\",\"@id\":\"https:\\\/\\\/mallorcapadelexperience.com\\\/contacto\\\/\",\"url\":\"https:\\\/\\\/mallorcapadelexperience.com\\\/contacto\\\/\",\"name\":\"Contacto - Mallorca Padel Experience\",\"isPartOf\":{\"@id\":\"https:\\\/\\\/mallorcapadelexperience.com\\\/#website\"},\"primaryImageOfPage\":{\"@id\":\"https:\\\/\\\/mallorcapadelexperience.com\\\/contacto\\\/#primaryimage\"},\"image\":{\"@id\":\"https:\\\/\\\/mallorcapadelexperience.com\\\/contacto\\\/#primaryimage\"},\"thumbnailUrl\":\"https:\\\/\\\/mallorcapadelexperience.com\\\/wp-content\\\/uploads\\\/2026\\\/02\\\/bruno-vaccaro-vercellino-d22xkdewTnQ-unsplash.jpg\",\"datePublished\":\"2026-02-18T16:22:44+00:00\",\"dateModified\":\"2026-03-19T11:20:30+00:00\",\"description\":\"Ponte en contacto con Mallorca Padel Experience para m\u00e1s informaci\u00f3n sobre reservas, viajes de p\u00e1del y pr\u00f3ximas fechas disponibles.\",\"breadcrumb\":{\"@id\":\"https:\\\/\\\/mallorcapadelexperience.com\\\/contacto\\\/#breadcrumb\"},\"inLanguage\":\"en-GB\",\"potentialAction\":[{\"@type\":\"ReadAction\",\"target\":[\"https:\\\/\\\/mallorcapadelexperience.com\\\/contacto\\\/\"]}]},{\"@type\":\"ImageObject\",\"inLanguage\":\"en-GB\",\"@id\":\"https:\\\/\\\/mallorcapadelexperience.com\\\/contacto\\\/#primaryimage\",\"url\":\"https:\\\/\\\/mallorcapadelexperience.com\\\/wp-content\\\/uploads\\\/2026\\\/02\\\/bruno-vaccaro-vercellino-d22xkdewTnQ-unsplash.jpg\",\"contentUrl\":\"https:\\\/\\\/mallorcapadelexperience.com\\\/wp-content\\\/uploads\\\/2026\\\/02\\\/bruno-vaccaro-vercellino-d22xkdewTnQ-unsplash.jpg\",\"width\":2000,\"height\":1125},{\"@type\":\"BreadcrumbList\",\"@id\":\"https:\\\/\\\/mallorcapadelexperience.com\\\/contacto\\\/#breadcrumb\",\"itemListElement\":[{\"@type\":\"ListItem\",\"position\":1,\"name\":\"Portada\",\"item\":\"https:\\\/\\\/mallorcapadelexperience.com\\\/\"},{\"@type\":\"ListItem\",\"position\":2,\"name\":\"Contacto\"}]},{\"@type\":\"WebSite\",\"@id\":\"https:\\\/\\\/mallorcapadelexperience.com\\\/#website\",\"url\":\"https:\\\/\\\/mallorcapadelexperience.com\\\/\",\"name\":\"Mallorca Padel Experience\",\"description\":\"\",\"potentialAction\":[{\"@type\":\"SearchAction\",\"target\":{\"@type\":\"EntryPoint\",\"urlTemplate\":\"https:\\\/\\\/mallorcapadelexperience.com\\\/?s={search_term_string}\"},\"query-input\":{\"@type\":\"PropertyValueSpecification\",\"valueRequired\":true,\"valueName\":\"search_term_string\"}}],\"inLanguage\":\"en-GB\"}]}<\/script>\n<!-- \/ Yoast SEO plugin. -->","yoast_head_json":{"title":"Contact - Mallorca Padel Experience","description":"Contact Mallorca Padel Experience for more information on bookings, padel trips and upcoming availability.","robots":{"index":"index","follow":"follow","max-snippet":"max-snippet:-1","max-image-preview":"max-image-preview:large","max-video-preview":"max-video-preview:-1"},"canonical":"https:\/\/mallorcapadelexperience.com\/en\/contact\/","og_locale":"en_GB","og_type":"article","og_title":"Contacto - Mallorca Padel Experience","og_description":"Ponte en contacto con Mallorca Padel Experience para m\u00e1s informaci\u00f3n sobre reservas, viajes de p\u00e1del y pr\u00f3ximas fechas disponibles.","og_url":"https:\/\/mallorcapadelexperience.com\/en\/contact\/","og_site_name":"Mallorca Padel Experience","article_modified_time":"2026-03-19T11:20:30+00:00","og_image":[{"width":2000,"height":1125,"url":"https:\/\/mallorcapadelexperience.com\/wp-content\/uploads\/2026\/02\/bruno-vaccaro-vercellino-d22xkdewTnQ-unsplash.jpg","type":"image\/jpeg"}],"twitter_card":"summary_large_image","twitter_misc":{"Estimated reading time":"1 minute"},"schema":{"@context":"https:\/\/schema.org","@graph":[{"@type":"WebPage","@id":"https:\/\/mallorcapadelexperience.com\/contacto\/","url":"https:\/\/mallorcapadelexperience.com\/contacto\/","name":"Contact - Mallorca Padel Experience","isPartOf":{"@id":"https:\/\/mallorcapadelexperience.com\/#website"},"primaryImageOfPage":{"@id":"https:\/\/mallorcapadelexperience.com\/contacto\/#primaryimage"},"image":{"@id":"https:\/\/mallorcapadelexperience.com\/contacto\/#primaryimage"},"thumbnailUrl":"https:\/\/mallorcapadelexperience.com\/wp-content\/uploads\/2026\/02\/bruno-vaccaro-vercellino-d22xkdewTnQ-unsplash.jpg","datePublished":"2026-02-18T16:22:44+00:00","dateModified":"2026-03-19T11:20:30+00:00","description":"Contact Mallorca Padel Experience for more information on bookings, padel trips and upcoming availability.","breadcrumb":{"@id":"https:\/\/mallorcapadelexperience.com\/contacto\/#breadcrumb"},"inLanguage":"en-GB","potentialAction":[{"@type":"ReadAction","target":["https:\/\/mallorcapadelexperience.com\/contacto\/"]}]},{"@type":"ImageObject","inLanguage":"en-GB","@id":"https:\/\/mallorcapadelexperience.com\/contacto\/#primaryimage","url":"https:\/\/mallorcapadelexperience.com\/wp-content\/uploads\/2026\/02\/bruno-vaccaro-vercellino-d22xkdewTnQ-unsplash.jpg","contentUrl":"https:\/\/mallorcapadelexperience.com\/wp-content\/uploads\/2026\/02\/bruno-vaccaro-vercellino-d22xkdewTnQ-unsplash.jpg","width":2000,"height":1125},{"@type":"BreadcrumbList","@id":"https:\/\/mallorcapadelexperience.com\/contacto\/#breadcrumb","itemListElement":[{"@type":"ListItem","position":1,"name":"Portada","item":"https:\/\/mallorcapadelexperience.com\/"},{"@type":"ListItem","position":2,"name":"Contacto"}]},{"@type":"WebSite","@id":"https:\/\/mallorcapadelexperience.com\/#website","url":"https:\/\/mallorcapadelexperience.com\/","name":"Mallorca Padel Experience","description":"","potentialAction":[{"@type":"SearchAction","target":{"@type":"EntryPoint","urlTemplate":"https:\/\/mallorcapadelexperience.com\/?s={search_term_string}"},"query-input":{"@type":"PropertyValueSpecification","valueRequired":true,"valueName":"search_term_string"}}],"inLanguage":"en-GB"}]}},"_links":{"self":[{"href":"https:\/\/mallorcapadelexperience.com\/en\/wp-json\/wp\/v2\/pages\/362","targetHints":{"allow":["GET"]}}],"collection":[{"href":"https:\/\/mallorcapadelexperience.com\/en\/wp-json\/wp\/v2\/pages"}],"about":[{"href":"https:\/\/mallorcapadelexperience.com\/en\/wp-json\/wp\/v2\/types\/page"}],"author":[{"embeddable":true,"href":"https:\/\/mallorcapadelexperience.com\/en\/wp-json\/wp\/v2\/users\/1"}],"replies":[{"embeddable":true,"href":"https:\/\/mallorcapadelexperience.com\/en\/wp-json\/wp\/v2\/comments?post=362"}],"version-history":[{"count":64,"href":"https:\/\/mallorcapadelexperience.com\/en\/wp-json\/wp\/v2\/pages\/362\/revisions"}],"predecessor-version":[{"id":701,"href":"https:\/\/mallorcapadelexperience.com\/en\/wp-json\/wp\/v2\/pages\/362\/revisions\/701"}],"wp:featuredmedia":[{"embeddable":true,"href":"https:\/\/mallorcapadelexperience.com\/en\/wp-json\/wp\/v2\/media\/171"}],"wp:attachment":[{"href":"https:\/\/mallorcapadelexperience.com\/en\/wp-json\/wp\/v2\/media?parent=362"}],"curies":[{"name":"wp","href":"https:\/\/api.w.org\/{rel}","templated":true}]}}