{"id":338,"date":"2026-02-18T16:11:35","date_gmt":"2026-02-18T16:11:35","guid":{"rendered":"https:\/\/mallorcapadelexperience.com\/?page_id=338"},"modified":"2026-03-19T11:20:02","modified_gmt":"2026-03-19T11:20:02","slug":"blog","status":"publish","type":"page","link":"https:\/\/mallorcapadelexperience.com\/en\/blog\/","title":{"rendered":"Blog"},"content":{"rendered":"<div data-elementor-type=\"wp-page\" data-elementor-id=\"338\" class=\"elementor elementor-338\" data-elementor-post-type=\"page\">\n\t\t\t\t<div class=\"elementor-element elementor-element-3b02783b e-flex e-con-boxed e-con e-parent\" data-id=\"3b02783b\" data-element_type=\"container\" data-e-type=\"container\" data-settings=\"{&quot;background_background&quot;:&quot;classic&quot;}\">\n\t\t\t\t\t<div class=\"e-con-inner\">\n\t\t<div class=\"elementor-element elementor-element-36b08daf e-con-full e-flex e-con e-child\" data-id=\"36b08daf\" data-element_type=\"container\" data-e-type=\"container\">\n\t\t\t\t<div class=\"elementor-element elementor-element-398dab25 elementor-widget elementor-widget-heading\" data-id=\"398dab25\" data-element_type=\"widget\" data-e-type=\"widget\" data-widget_type=\"heading.default\">\n\t\t\t\t\t<h1 class=\"elementor-heading-title elementor-size-default\">Padel Blog<\/h1>\t\t\t\t<\/div>\n\t\t\t\t<div class=\"elementor-element elementor-element-d1348c1 elementor-widget elementor-widget-text-editor\" data-id=\"d1348c1\" data-element_type=\"widget\" data-e-type=\"widget\" data-widget_type=\"text-editor.default\">\n\t\t\t\t\t\t\t\t\t<p data-start=\"279\" data-end=\"390\">Tips, training, tournaments and everything you need to know to improve your game and enjoy more padel.<\/p>\t\t\t\t\t\t\t\t<\/div>\n\t\t\t\t<\/div>\n\t\t\t\t\t<\/div>\n\t\t\t\t<\/div>\n\t\t<div class=\"elementor-element elementor-element-1f212f68 e-flex e-con-boxed e-con e-parent\" data-id=\"1f212f68\" data-element_type=\"container\" data-e-type=\"container\" data-settings=\"{&quot;background_background&quot;:&quot;classic&quot;}\">\n\t\t\t\t\t<div class=\"e-con-inner\">\n\t\t<div class=\"elementor-element elementor-element-15fbf505 e-con-full e-flex e-con e-child\" data-id=\"15fbf505\" data-element_type=\"container\" data-e-type=\"container\">\n\t\t\t\t<div class=\"elementor-element elementor-element-53a3427e elementor-widget elementor-widget-heading\" data-id=\"53a3427e\" data-element_type=\"widget\" data-e-type=\"widget\" data-widget_type=\"heading.default\">\n\t\t\t\t\t<h2 class=\"elementor-heading-title elementor-size-default\">Don't miss anything:<\/h2>\t\t\t\t<\/div>\n\t\t\t\t<div class=\"elementor-element elementor-element-38e1a00b elementor-widget__width-initial elementor-widget-mobile__width-auto elementor-widget elementor-widget-heading\" data-id=\"38e1a00b\" data-element_type=\"widget\" data-e-type=\"widget\" data-widget_type=\"heading.default\">\n\t\t\t\t\t<h2 class=\"elementor-heading-title elementor-size-default\">Tips, Guides and Content for Padel Players<\/h2>\t\t\t\t<\/div>\n\t\t\t\t<\/div>\n\t\t<div class=\"elementor-element elementor-element-1ea9952a e-con-full e-flex e-con e-child\" data-id=\"1ea9952a\" data-element_type=\"container\" data-e-type=\"container\">\n\t\t\t\t<div class=\"elementor-element elementor-element-13aa68fd elementor-widget-mobile__width-initial ekit-blog-posts--bg-hover bg-hover-classic elementor-widget elementor-widget-elementskit-blog-posts\" data-id=\"13aa68fd\" data-element_type=\"widget\" data-e-type=\"widget\" data-widget_type=\"elementskit-blog-posts.default\">\n\t\t\t\t\t<div class=\"ekit-wid-con\" >        <div id=\"post-items--13aa68fd\" class=\"row post-items\">\n                    <div class=\"col-lg-4 col-md-6\">\n\n                                    <div class=\"elementskit-post-image-card\">\n                        <div class=\"elementskit-entry-header\">\n                                                            <a href=\"https:\/\/mallorcapadelexperience.com\/en\/cuanto-dura-un-partido-de-padel-tiempos-reales-reglas-y-que-puede-alargarlo\/\" class=\"elementskit-entry-thumb\">\n                                    <img decoding=\"async\" src=\"https:\/\/mallorcapadelexperience.com\/wp-content\/uploads\/2026\/03\/cuanto-dura-un-partido-de-padel-1024x685.jpg\" alt=\"How Long a Padel Match Lasts: Actual Times, Rules and What Can Lengthen It\">\n                                <\/a><!-- .elementskit-entry-thumb END -->\n                                                            \n                            \n\t\t\t\t\t\t\t\t\t\t\t\t\t<\/div><!-- .elementskit-entry-header END -->\n\n\t\t\t\t\t\t<div class=\"elementskit-post-body\">\n\t\t\t\t\t\t\t\n\t\t\t\t\t\t\t\t\t\t\t\t\t\t\t\t\t\t\t\t\t\t\t\t\t\n\t\t\t\t\t\t\t\t\n\t\t\t\t\t\t\t\t\t\t\t\t\t\t\t\t\t\t\t\t\t<h2 class=\"entry-title\">\n\t\t\t\t\t<a href=\"https:\/\/mallorcapadelexperience.com\/en\/cuanto-dura-un-partido-de-padel-tiempos-reales-reglas-y-que-puede-alargarlo\/\">\n\t\t\t\t\t\tHow Long a Padel Match Lasts: Actual Times, Rules and What Can Lengthen It\t\t\t\t\t<\/a>\n\t\t\t\t<\/h2>\n\t\t\t\t\t\t\t\t\t\t\t\t\t\t\t\t\t\t\t\t\t\t\t\t\t\t\t\t\t\t\t\t\t\t\t\t\t\t\t\t\t\t<p>Padel has earned a huge place in Spain. You only have to go to any club at the weekend to see the courts full. And among those who are starting to play...<\/p>\n\t\t\t\t\t\t\t\t\t\t\t\t\t\t\t\t\t\t\t\t\t\t                                                            <div class=\"btn-wraper\">\n                                    \n                                                                            <a class=\"elementskit-btn whitespace--normal\" id=\"\" href=\"https:\/\/mallorcapadelexperience.com\/en\/cuanto-dura-un-partido-de-padel-tiempos-reales-reglas-y-que-puede-alargarlo\/\">\n                                        \t                                            Read more...                                        <\/a>\n                                                                    <\/div>\n                                                    <\/div><!-- .elementskit-post-body END -->\n                    <\/div>\n                \n            <\/div>\n                    <div class=\"col-lg-4 col-md-6\">\n\n                                    <div class=\"elementskit-post-image-card\">\n                        <div class=\"elementskit-entry-header\">\n                                                            <a href=\"https:\/\/mallorcapadelexperience.com\/en\/donde-se-invento-el-padel-origen-de-uno-de-los-deportes-mas-populares\/\" class=\"elementskit-entry-thumb\">\n                                    <img decoding=\"async\" src=\"https:\/\/mallorcapadelexperience.com\/wp-content\/uploads\/2026\/03\/donde-se-invento-el-padel-1024x685.jpg\" alt=\"Where Paddle Tennis was Invented: Origin of one of the Most Popular Sports\">\n                                <\/a><!-- .elementskit-entry-thumb END -->\n                                                            \n                            \n\t\t\t\t\t\t\t\t\t\t\t\t\t<\/div><!-- .elementskit-entry-header END -->\n\n\t\t\t\t\t\t<div class=\"elementskit-post-body\">\n\t\t\t\t\t\t\t\n\t\t\t\t\t\t\t\t\t\t\t\t\t\t\t\t\t\t\t\t\t\t\t\t\t\n\t\t\t\t\t\t\t\t\n\t\t\t\t\t\t\t\t\t\t\t\t\t\t\t\t\t\t\t\t\t<h2 class=\"entry-title\">\n\t\t\t\t\t<a href=\"https:\/\/mallorcapadelexperience.com\/en\/donde-se-invento-el-padel-origen-de-uno-de-los-deportes-mas-populares\/\">\n\t\t\t\t\t\tWhere Paddle Tennis was Invented: Origin of one of the Most Popular Sports\t\t\t\t\t<\/a>\n\t\t\t\t<\/h2>\n\t\t\t\t\t\t\t\t\t\t\t\t\t\t\t\t\t\t\t\t\t\t\t\t\t\t\t\t\t\t\t\t\t\t\t\t\t\t\t\t\t\t<p>Padel is going through a spectacular moment. You only have to go round any club to see it: full courts, matches that go on into the night, and groups of friends organising the...<\/p>\n\t\t\t\t\t\t\t\t\t\t\t\t\t\t\t\t\t\t\t\t\t\t                                                            <div class=\"btn-wraper\">\n                                    \n                                                                            <a class=\"elementskit-btn whitespace--normal\" id=\"\" href=\"https:\/\/mallorcapadelexperience.com\/en\/donde-se-invento-el-padel-origen-de-uno-de-los-deportes-mas-populares\/\">\n                                        \t                                            Read more...                                        <\/a>\n                                                                    <\/div>\n                                                    <\/div><!-- .elementskit-post-body END -->\n                    <\/div>\n                \n            <\/div>\n                    <div class=\"col-lg-4 col-md-6\">\n\n                                    <div class=\"elementskit-post-image-card\">\n                        <div class=\"elementskit-entry-header\">\n                                                            <a href=\"https:\/\/mallorcapadelexperience.com\/en\/como-puedo-aprender-a-jugar-al-padel-guia-completa\/\" class=\"elementskit-entry-thumb\">\n                                    <img decoding=\"async\" src=\"https:\/\/mallorcapadelexperience.com\/wp-content\/uploads\/2026\/03\/como-aprender-a-jugar-a-padel-1024x685.jpg\" alt=\"How Can I Learn to Play Paddle Tennis: Complete Guide\">\n                                <\/a><!-- .elementskit-entry-thumb END -->\n                                                            \n                            \n\t\t\t\t\t\t\t\t\t\t\t\t\t<\/div><!-- .elementskit-entry-header END -->\n\n\t\t\t\t\t\t<div class=\"elementskit-post-body\">\n\t\t\t\t\t\t\t\n\t\t\t\t\t\t\t\t\t\t\t\t\t\t\t\t\t\t\t\t\t\t\t\t\t\n\t\t\t\t\t\t\t\t\n\t\t\t\t\t\t\t\t\t\t\t\t\t\t\t\t\t\t\t\t\t<h2 class=\"entry-title\">\n\t\t\t\t\t<a href=\"https:\/\/mallorcapadelexperience.com\/en\/como-puedo-aprender-a-jugar-al-padel-guia-completa\/\">\n\t\t\t\t\t\tHow Can I Learn to Play Paddle Tennis: Complete Guide\t\t\t\t\t<\/a>\n\t\t\t\t<\/h2>\n\t\t\t\t\t\t\t\t\t\t\t\t\t\t\t\t\t\t\t\t\t\t\t\t\t\t\t\t\t\t\t\t\t\t\t\t\t\t\t\t\t\t<p>Padel has earned a huge place in Spain. You only have to go to any club on a weekend to see it: full courts, matches between friends and newcomers...<\/p>\n\t\t\t\t\t\t\t\t\t\t\t\t\t\t\t\t\t\t\t\t\t\t                                                            <div class=\"btn-wraper\">\n                                    \n                                                                            <a class=\"elementskit-btn whitespace--normal\" id=\"\" href=\"https:\/\/mallorcapadelexperience.com\/en\/como-puedo-aprender-a-jugar-al-padel-guia-completa\/\">\n                                        \t                                            Read more...                                        <\/a>\n                                                                    <\/div>\n                                                    <\/div><!-- .elementskit-post-body END -->\n                    <\/div>\n                \n            <\/div>\n                <\/div>\n       <\/div>\t\t\t\t<\/div>\n\t\t\t\t<\/div>\n\t\t\t\t\t<\/div>\n\t\t\t\t<\/div>\n\t\t\t\t<\/div>","protected":false},"excerpt":{"rendered":"<p>Blog de P\u00e1del Consejos, entrenamiento, torneos y todo lo que necesitas saber para mejorar tu juego y disfrutar m\u00e1s del p\u00e1del. No te pierdas nada: Consejos, Gu\u00edas y Contenido para Jugadores de P\u00e1del \u00bfLorem Ipsum Dolor sit Amet, Consectetur Adipiscing? Lorem ipsum dolor sit amet, consectetur adipiscing elit. Integer feugiat, ligula mollis eleifend malesuada, urna [&hellip;]<\/p>\n","protected":false},"author":1,"featured_media":0,"parent":0,"menu_order":0,"comment_status":"closed","ping_status":"closed","template":"elementor_header_footer","meta":{"_joinchat":[],"footnotes":""},"class_list":["post-338","page","type-page","status-publish","hentry"],"yoast_head":"<!-- This site is optimized with the Yoast SEO plugin v27.3 - https:\/\/yoast.com\/product\/yoast-seo-wordpress\/ -->\n<title>Blog de P\u00e1del - Mallorca Padel Experience<\/title>\n<meta name=\"description\" content=\"Blog de p\u00e1del con consejos de entrenamiento, t\u00e1ctica, material y actualidad del p\u00e1del para jugadores que quieren mejorar su juego.\" \/>\n<meta name=\"robots\" content=\"index, follow, max-snippet:-1, max-image-preview:large, max-video-preview:-1\" \/>\n<link rel=\"canonical\" href=\"https:\/\/mallorcapadelexperience.com\/en\/blog\/\" \/>\n<meta property=\"og:locale\" content=\"en_GB\" \/>\n<meta property=\"og:type\" content=\"article\" \/>\n<meta property=\"og:title\" content=\"Blog de P\u00e1del - Mallorca Padel Experience\" \/>\n<meta property=\"og:description\" content=\"Blog de p\u00e1del con consejos de entrenamiento, t\u00e1ctica, material y actualidad del p\u00e1del para jugadores que quieren mejorar su juego.\" \/>\n<meta property=\"og:url\" content=\"https:\/\/mallorcapadelexperience.com\/en\/blog\/\" \/>\n<meta property=\"og:site_name\" content=\"Mallorca Padel Experience\" \/>\n<meta property=\"article:modified_time\" content=\"2026-03-19T11:20:02+00:00\" \/>\n<meta property=\"og:image\" content=\"https:\/\/mallorcapadelexperience.com\/wp-content\/uploads\/2026\/02\/pexels-ollivves-1103829-1024x682.jpg\" \/>\n<meta name=\"twitter:card\" content=\"summary_large_image\" \/>\n<meta name=\"twitter:label1\" content=\"Estimated reading time\" \/>\n\t<meta name=\"twitter:data1\" content=\"3 minutes\" \/>\n<script type=\"application\/ld+json\" class=\"yoast-schema-graph\">{\"@context\":\"https:\\\/\\\/schema.org\",\"@graph\":[{\"@type\":\"WebPage\",\"@id\":\"https:\\\/\\\/mallorcapadelexperience.com\\\/blog\\\/\",\"url\":\"https:\\\/\\\/mallorcapadelexperience.com\\\/blog\\\/\",\"name\":\"Blog de P\u00e1del - Mallorca Padel Experience\",\"isPartOf\":{\"@id\":\"https:\\\/\\\/mallorcapadelexperience.com\\\/#website\"},\"primaryImageOfPage\":{\"@id\":\"https:\\\/\\\/mallorcapadelexperience.com\\\/blog\\\/#primaryimage\"},\"image\":{\"@id\":\"https:\\\/\\\/mallorcapadelexperience.com\\\/blog\\\/#primaryimage\"},\"thumbnailUrl\":\"https:\\\/\\\/mallorcapadelexperience.com\\\/wp-content\\\/uploads\\\/2026\\\/02\\\/pexels-ollivves-1103829-1024x682.jpg\",\"datePublished\":\"2026-02-18T16:11:35+00:00\",\"dateModified\":\"2026-03-19T11:20:02+00:00\",\"description\":\"Blog de p\u00e1del con consejos de entrenamiento, t\u00e1ctica, material y actualidad del p\u00e1del para jugadores que quieren mejorar su juego.\",\"breadcrumb\":{\"@id\":\"https:\\\/\\\/mallorcapadelexperience.com\\\/blog\\\/#breadcrumb\"},\"inLanguage\":\"en-GB\",\"potentialAction\":[{\"@type\":\"ReadAction\",\"target\":[\"https:\\\/\\\/mallorcapadelexperience.com\\\/blog\\\/\"]}]},{\"@type\":\"ImageObject\",\"inLanguage\":\"en-GB\",\"@id\":\"https:\\\/\\\/mallorcapadelexperience.com\\\/blog\\\/#primaryimage\",\"url\":\"https:\\\/\\\/mallorcapadelexperience.com\\\/wp-content\\\/uploads\\\/2026\\\/02\\\/pexels-ollivves-1103829-1024x682.jpg\",\"contentUrl\":\"https:\\\/\\\/mallorcapadelexperience.com\\\/wp-content\\\/uploads\\\/2026\\\/02\\\/pexels-ollivves-1103829-1024x682.jpg\"},{\"@type\":\"BreadcrumbList\",\"@id\":\"https:\\\/\\\/mallorcapadelexperience.com\\\/blog\\\/#breadcrumb\",\"itemListElement\":[{\"@type\":\"ListItem\",\"position\":1,\"name\":\"Portada\",\"item\":\"https:\\\/\\\/mallorcapadelexperience.com\\\/\"},{\"@type\":\"ListItem\",\"position\":2,\"name\":\"Blog\"}]},{\"@type\":\"WebSite\",\"@id\":\"https:\\\/\\\/mallorcapadelexperience.com\\\/#website\",\"url\":\"https:\\\/\\\/mallorcapadelexperience.com\\\/\",\"name\":\"Mallorca Padel Experience\",\"description\":\"\",\"potentialAction\":[{\"@type\":\"SearchAction\",\"target\":{\"@type\":\"EntryPoint\",\"urlTemplate\":\"https:\\\/\\\/mallorcapadelexperience.com\\\/?s={search_term_string}\"},\"query-input\":{\"@type\":\"PropertyValueSpecification\",\"valueRequired\":true,\"valueName\":\"search_term_string\"}}],\"inLanguage\":\"en-GB\"}]}<\/script>\n<!-- \/ Yoast SEO plugin. -->","yoast_head_json":{"title":"Padel Blog - Mallorca Padel Experience","description":"Padel blog with training tips, tactics, equipment and padel news for players who want to improve their game.","robots":{"index":"index","follow":"follow","max-snippet":"max-snippet:-1","max-image-preview":"max-image-preview:large","max-video-preview":"max-video-preview:-1"},"canonical":"https:\/\/mallorcapadelexperience.com\/en\/blog\/","og_locale":"en_GB","og_type":"article","og_title":"Blog de P\u00e1del - Mallorca Padel Experience","og_description":"Blog de p\u00e1del con consejos de entrenamiento, t\u00e1ctica, material y actualidad del p\u00e1del para jugadores que quieren mejorar su juego.","og_url":"https:\/\/mallorcapadelexperience.com\/en\/blog\/","og_site_name":"Mallorca Padel Experience","article_modified_time":"2026-03-19T11:20:02+00:00","og_image":[{"url":"https:\/\/mallorcapadelexperience.com\/wp-content\/uploads\/2026\/02\/pexels-ollivves-1103829-1024x682.jpg","type":"","width":"","height":""}],"twitter_card":"summary_large_image","twitter_misc":{"Estimated reading time":"3 minutes"},"schema":{"@context":"https:\/\/schema.org","@graph":[{"@type":"WebPage","@id":"https:\/\/mallorcapadelexperience.com\/blog\/","url":"https:\/\/mallorcapadelexperience.com\/blog\/","name":"Padel Blog - Mallorca Padel Experience","isPartOf":{"@id":"https:\/\/mallorcapadelexperience.com\/#website"},"primaryImageOfPage":{"@id":"https:\/\/mallorcapadelexperience.com\/blog\/#primaryimage"},"image":{"@id":"https:\/\/mallorcapadelexperience.com\/blog\/#primaryimage"},"thumbnailUrl":"https:\/\/mallorcapadelexperience.com\/wp-content\/uploads\/2026\/02\/pexels-ollivves-1103829-1024x682.jpg","datePublished":"2026-02-18T16:11:35+00:00","dateModified":"2026-03-19T11:20:02+00:00","description":"Padel blog with training tips, tactics, equipment and padel news for players who want to improve their game.","breadcrumb":{"@id":"https:\/\/mallorcapadelexperience.com\/blog\/#breadcrumb"},"inLanguage":"en-GB","potentialAction":[{"@type":"ReadAction","target":["https:\/\/mallorcapadelexperience.com\/blog\/"]}]},{"@type":"ImageObject","inLanguage":"en-GB","@id":"https:\/\/mallorcapadelexperience.com\/blog\/#primaryimage","url":"https:\/\/mallorcapadelexperience.com\/wp-content\/uploads\/2026\/02\/pexels-ollivves-1103829-1024x682.jpg","contentUrl":"https:\/\/mallorcapadelexperience.com\/wp-content\/uploads\/2026\/02\/pexels-ollivves-1103829-1024x682.jpg"},{"@type":"BreadcrumbList","@id":"https:\/\/mallorcapadelexperience.com\/blog\/#breadcrumb","itemListElement":[{"@type":"ListItem","position":1,"name":"Portada","item":"https:\/\/mallorcapadelexperience.com\/"},{"@type":"ListItem","position":2,"name":"Blog"}]},{"@type":"WebSite","@id":"https:\/\/mallorcapadelexperience.com\/#website","url":"https:\/\/mallorcapadelexperience.com\/","name":"Mallorca Padel Experience","description":"","potentialAction":[{"@type":"SearchAction","target":{"@type":"EntryPoint","urlTemplate":"https:\/\/mallorcapadelexperience.com\/?s={search_term_string}"},"query-input":{"@type":"PropertyValueSpecification","valueRequired":true,"valueName":"search_term_string"}}],"inLanguage":"en-GB"}]}},"_links":{"self":[{"href":"https:\/\/mallorcapadelexperience.com\/en\/wp-json\/wp\/v2\/pages\/338","targetHints":{"allow":["GET"]}}],"collection":[{"href":"https:\/\/mallorcapadelexperience.com\/en\/wp-json\/wp\/v2\/pages"}],"about":[{"href":"https:\/\/mallorcapadelexperience.com\/en\/wp-json\/wp\/v2\/types\/page"}],"author":[{"embeddable":true,"href":"https:\/\/mallorcapadelexperience.com\/en\/wp-json\/wp\/v2\/users\/1"}],"replies":[{"embeddable":true,"href":"https:\/\/mallorcapadelexperience.com\/en\/wp-json\/wp\/v2\/comments?post=338"}],"version-history":[{"count":40,"href":"https:\/\/mallorcapadelexperience.com\/en\/wp-json\/wp\/v2\/pages\/338\/revisions"}],"predecessor-version":[{"id":683,"href":"https:\/\/mallorcapadelexperience.com\/en\/wp-json\/wp\/v2\/pages\/338\/revisions\/683"}],"wp:attachment":[{"href":"https:\/\/mallorcapadelexperience.com\/en\/wp-json\/wp\/v2\/media?parent=338"}],"curies":[{"name":"wp","href":"https:\/\/api.w.org\/{rel}","templated":true}]}}